{"id":1813,"date":"2020-05-03T06:12:06","date_gmt":"2020-05-03T06:12:06","guid":{"rendered":"http:\/\/www.atilganship.com\/?page_id=1813"},"modified":"2020-05-03T07:13:30","modified_gmt":"2020-05-03T07:13:30","slug":"quality-policy","status":"publish","type":"page","link":"https:\/\/www.atilganship.com\/?page_id=1813","title":{"rendered":"QUALITY POLICY"},"content":{"rendered":"\t\t<div data-elementor-type=\"wp-page\" data-elementor-id=\"1813\" class=\"elementor elementor-1813\">\n\t\t\t\t\t\t\t\t\t<section class=\"elementor-section elementor-top-section elementor-element elementor-element-7b91282 elementor-section-boxed elementor-section-height-default elementor-section-height-default\" data-id=\"7b91282\" data-element_type=\"section\">\n\t\t\t\t\t\t<div class=\"elementor-container elementor-column-gap-default\">\n\t\t\t\t\t<div class=\"elementor-column elementor-col-100 elementor-top-column elementor-element elementor-element-b4c52de\" data-id=\"b4c52de\" data-element_type=\"column\">\n\t\t\t<div class=\"elementor-widget-wrap elementor-element-populated\">\n\t\t\t\t\t\t\t\t<div class=\"elementor-element elementor-element-5dd1852 elementor-widget elementor-widget-heading\" data-id=\"5dd1852\" data-element_type=\"widget\" data-widget_type=\"heading.default\">\n\t\t\t\t<div class=\"elementor-widget-container\">\n\t\t\t<h2 class=\"elementor-heading-title elementor-size-default\">QUALITY POLICY<\/h2>\t\t<\/div>\n\t\t\t\t<\/div>\n\t\t\t\t\t<\/div>\n\t\t<\/div>\n\t\t\t\t\t\t\t<\/div>\n\t\t<\/section>\n\t\t\t\t<section class=\"elementor-section elementor-top-section elementor-element elementor-element-8b2ddec elementor-section-boxed elementor-section-height-default elementor-section-height-default\" data-id=\"8b2ddec\" data-element_type=\"section\">\n\t\t\t\t\t\t<div class=\"elementor-container elementor-column-gap-default\">\n\t\t\t\t\t<div class=\"elementor-column elementor-col-100 elementor-top-column elementor-element elementor-element-2d75c1f\" data-id=\"2d75c1f\" data-element_type=\"column\">\n\t\t\t<div class=\"elementor-widget-wrap elementor-element-populated\">\n\t\t\t\t\t\t\t\t<div class=\"elementor-element elementor-element-d9b702f elementor-widget elementor-widget-text-editor\" data-id=\"d9b702f\" data-element_type=\"widget\" data-widget_type=\"text-editor.default\">\n\t\t\t\t<div class=\"elementor-widget-container\">\n\t\t\t\t\t\t\t<p><span style=\"color: #000000;\">We, <strong>Atilgan Shipping<\/strong> are active within the scope of \u201c<strong>Ship Repair Brokering and Consultancy, Sales of Shipping Equipments<\/strong>\u201d ;<\/span><\/p><p>\u00a0<\/p><ul><li><span style=\"color: #000000;\">Determining the needs and expectations of the Related Parties (Internal \/ External Context) and the requests on time, based on Customer satisfaction, quick responding to the requests, performing the operations on time and delivering quality services with competitive prices,<\/span><\/li><li><span style=\"color: #000000;\">To follow and use high technology effectively in order to sustain customer satisfaction,<\/span><\/li><li><span style=\"color: #000000;\">Adopting the understanding that all employees are responsible for quality and therefore placing quality awareness in all staff, providing training to improve their knowledge and skills, encouraging sleep and creativity,<\/span><\/li><li><span style=\"color: #000000;\">To ensure the happiness and motivation of the employees,<\/span><\/li><li><span style=\"color: #000000;\">To adopt the understanding of continuous improvement of the system by evaluating the Quality Targets, which can be measured based on the performance indicators of the processes defined in the system,<\/span><\/li><li><span style=\"color: #000000;\">It is our quality policy to comply with National and International Regulations and Standards.<\/span><\/li><\/ul><p>\u00a0<\/p><p><span style=\"color: #000000;\">In this regard, We \u201c<strong>At\u0131lgan Shipping<\/strong>\u201d undertake that, will determine our Quality Targets, review our targets continuously and expand this policy among all our employees.<\/span><\/p>\t\t\t\t\t\t<\/div>\n\t\t\t\t<\/div>\n\t\t\t\t\t<\/div>\n\t\t<\/div>\n\t\t\t\t\t\t\t<\/div>\n\t\t<\/section>\n\t\t\t\t<section class=\"elementor-section elementor-top-section elementor-element elementor-element-4756f1c elementor-section-boxed elementor-section-height-default elementor-section-height-default\" data-id=\"4756f1c\" data-element_type=\"section\">\n\t\t\t\t\t\t<div class=\"elementor-container elementor-column-gap-default\">\n\t\t\t\t\t<div class=\"elementor-column elementor-col-100 elementor-top-column elementor-element elementor-element-1ac593f\" data-id=\"1ac593f\" data-element_type=\"column\">\n\t\t\t<div class=\"elementor-widget-wrap elementor-element-populated\">\n\t\t\t\t\t\t\t\t<div class=\"elementor-element elementor-element-b4f4a5d elementor-widget elementor-widget-spacer\" data-id=\"b4f4a5d\" data-element_type=\"widget\" data-widget_type=\"spacer.default\">\n\t\t\t\t<div class=\"elementor-widget-container\">\n\t\t\t\t\t<div class=\"elementor-spacer\">\n\t\t\t<div class=\"elementor-spacer-inner\"><\/div>\n\t\t<\/div>\n\t\t\t\t<\/div>\n\t\t\t\t<\/div>\n\t\t\t\t\t<\/div>\n\t\t<\/div>\n\t\t\t\t\t\t\t<\/div>\n\t\t<\/section>\n\t\t\t\t<section class=\"elementor-section elementor-top-section elementor-element elementor-element-202ef11 elementor-section-boxed elementor-section-height-default elementor-section-height-default\" data-id=\"202ef11\" data-element_type=\"section\">\n\t\t\t\t\t\t<div class=\"elementor-container elementor-column-gap-default\">\n\t\t\t\t\t<div class=\"elementor-column elementor-col-100 elementor-top-column elementor-element elementor-element-3fda535\" data-id=\"3fda535\" data-element_type=\"column\">\n\t\t\t<div class=\"elementor-widget-wrap elementor-element-populated\">\n\t\t\t\t\t\t\t\t<div class=\"elementor-element elementor-element-f9d915c elementor-widget elementor-widget-heading\" data-id=\"f9d915c\" data-element_type=\"widget\" data-widget_type=\"heading.default\">\n\t\t\t\t<div class=\"elementor-widget-container\">\n\t\t\t<h2 class=\"elementor-heading-title elementor-size-default\">KAL\u0130TE POL\u0130T\u0130KASI<\/h2>\t\t<\/div>\n\t\t\t\t<\/div>\n\t\t\t\t\t<\/div>\n\t\t<\/div>\n\t\t\t\t\t\t\t<\/div>\n\t\t<\/section>\n\t\t\t\t<section class=\"elementor-section elementor-top-section elementor-element elementor-element-38ee9bf elementor-section-boxed elementor-section-height-default elementor-section-height-default\" data-id=\"38ee9bf\" data-element_type=\"section\">\n\t\t\t\t\t\t<div class=\"elementor-container elementor-column-gap-default\">\n\t\t\t\t\t<div class=\"elementor-column elementor-col-100 elementor-top-column elementor-element elementor-element-b08352e\" data-id=\"b08352e\" data-element_type=\"column\">\n\t\t\t<div class=\"elementor-widget-wrap elementor-element-populated\">\n\t\t\t\t\t\t\t\t<div class=\"elementor-element elementor-element-a15ba45 elementor-widget elementor-widget-text-editor\" data-id=\"a15ba45\" data-element_type=\"widget\" data-widget_type=\"text-editor.default\">\n\t\t\t\t<div class=\"elementor-widget-container\">\n\t\t\t\t\t\t\t<p style=\"text-align: justify; margin: 6.0pt 0cm .0001pt 0cm;\"><span style=\"color: #000000;\"><b><span lang=\"nl\" style=\"font-size: 10.5pt;\">ATILGAN SHIPPING <\/span><\/b><span style=\"font-size: 10.5pt;\">olarak faal halde oldu\u011fumuz;<\/span><span style=\"font-size: 10.5pt;\"> <span lang=\"nl\">\u2018\u2019<\/span><\/span><b><span lang=\"EN-US\" style=\"font-size: 10.5pt; mso-fareast-language: TR;\">GEMI TAMIR BROKERL\u0130\u011e\u0130 VE TAM\u0130R DANI\u015eMANLI\u011eI, DEN\u0130ZC\u0130L\u0130K ARA\u00c7-GERE\u00c7LER\u0130 ALIM VE SATIMI\u2019\u2019<\/span><\/b> <span style=\"font-size: 10.5pt;\">kapsam\u0131 dahilinde;<\/span><\/span><\/p><p>\u00a0<\/p><ul><li style=\"text-align: justify;\"><span style=\"color: #000000;\"><!-- [if !supportLists]--><span style=\"font-size: 10.5pt;\">\u0130lgili taraf (\u0130\u00e7\/D\u0131\u015f Ba\u011flam) ihtiya\u00e7 ve beklentilerini ve M\u00fc\u015fteri memnuniyetini esas alarak de\u011fi\u015fen talepleri zaman\u0131nda tespit etmek, taleplere h\u0131zl\u0131 yan\u0131t vermek, zaman\u0131nda operasyonlar\u0131 ger\u00e7ekle\u015ftirip teslim etmek, kaliteli hizmet ve rekabet edilebilir fiyat sunmak,<\/span><\/span><\/li><li><span style=\"font-size: 10.5pt; color: #000000; text-align: justify; text-indent: -18pt;\">M\u00fc\u015fteri tatminini s\u00fcrekli k\u0131labilmek ad\u0131na y\u00fcksek teknolojiyi takip etmek ve etkin kullanmak,<\/span><\/li><li><span style=\"color: #000000;\">Kaliteden t\u00fcm personelin sorumlu olmas\u0131 anlay\u0131\u015f\u0131n\u0131 benimsemek ve bu nedenle t\u00fcm personele kalite bilincini yerle\u015ftirmek, bilgi ve becerilerini geli\u015ftirecek e\u011fitimleri sa\u011flamak, uyuma ve yarat\u0131c\u0131l\u0131\u011fa te\u015fvik etmek,<\/span><\/li><li><span style=\"color: #000000;\">Personelin mutlulu\u011funu ve motivasyonunu sa\u011flamak,<\/span><\/li><li><span style=\"color: #000000;\">Sistemde tan\u0131mlanan s\u00fcre\u00e7lerin performans g\u00f6stergelerine dayal\u0131 \u00f6l\u00e7\u00fclebilir, Kalite Hedeflerinin de\u011ferlendirilmesi yoluyla sistemin s\u00fcrekli iyile\u015ftirilmesi anlay\u0131\u015f\u0131n\u0131 benimsemek,<\/span><\/li><li><span style=\"color: #000000;\"><span style=\"font-size: 10.5pt;\">Ulusal ve uluslararas\u0131 kanun ve standartlara uymak,\u00a0 kalite politikam\u0131zd\u0131r.<\/span><span style=\"text-align: justify; text-indent: -18pt; font-size: 10.5pt;\">\u00a0<\/span><\/span><\/li><\/ul><p>\u00a0<\/p><p class=\"MsoBodyText\" style=\"margin-top: 6.0pt;\"><span style=\"color: #000000;\"><span style=\"font-size: 10.5pt; font-family: Arial, sans-serif;\">Bu do\u011frultuda \u2018\u2019<\/span><b><span style=\"font-size: 10.5pt; font-family: Arial, sans-serif;\">At\u0131lgan Shipping\u2019\u2019 <\/span><\/b><span style=\"font-size: 10.5pt; font-family: Arial, sans-serif;\">olarak Kalite Hedeflerimizi belirleyece\u011fimizi, hedeflerimizi s\u00fcrekli g\u00f6zden ge\u00e7irece\u011fimizi ve bu politikam\u0131z\u0131 t\u00fcm \u00e7al\u0131\u015fanlar\u0131m\u0131z aras\u0131nda yayg\u0131nla\u015ft\u0131raca\u011f\u0131m\u0131z\u0131 taahh\u00fct ederiz<\/span><span style=\"font-size: 10.5pt; font-family: Arial, sans-serif;\">.\u00a0\u00a0<\/span><\/span><\/p>\t\t\t\t\t\t<\/div>\n\t\t\t\t<\/div>\n\t\t\t\t\t<\/div>\n\t\t<\/div>\n\t\t\t\t\t\t\t<\/div>\n\t\t<\/section>\n\t\t\t\t<section class=\"elementor-section elementor-top-section elementor-element elementor-element-d2bb627 elementor-section-boxed elementor-section-height-default elementor-section-height-default\" data-id=\"d2bb627\" data-element_type=\"section\">\n\t\t\t\t\t\t<div class=\"elementor-container elementor-column-gap-default\">\n\t\t\t\t\t<div class=\"elementor-column elementor-col-100 elementor-top-column elementor-element elementor-element-90f7dc7\" data-id=\"90f7dc7\" data-element_type=\"column\">\n\t\t\t<div class=\"elementor-widget-wrap elementor-element-populated\">\n\t\t\t\t\t\t\t\t<div class=\"elementor-element elementor-element-00c8948 elementor-align-left elementor-widget elementor-widget-button\" data-id=\"00c8948\" data-element_type=\"widget\" data-widget_type=\"button.default\">\n\t\t\t\t<div class=\"elementor-widget-container\">\n\t\t\t\t\t<div class=\"elementor-button-wrapper\">\n\t\t\t<a class=\"elementor-button elementor-button-link elementor-size-sm\" href=\"http:\/\/sacideryilmaz.site\/download\/KP.01%20-%20KAL%C4%B0TE%20POL%C4%B0T%C4%B0KASI%20-%20Rev00%20TR-ENG.DOC\">\n\t\t\t\t\t\t<span class=\"elementor-button-content-wrapper\">\n\t\t\t\t\t\t<span class=\"elementor-button-icon elementor-align-icon-left\">\n\t\t\t\t<svg aria-hidden=\"true\" class=\"e-font-icon-svg e-fas-file-download\" viewBox=\"0 0 384 512\" xmlns=\"http:\/\/www.w3.org\/2000\/svg\"><path d=\"M224 136V0H24C10.7 0 0 10.7 0 24v464c0 13.3 10.7 24 24 24h336c13.3 0 24-10.7 24-24V160H248c-13.2 0-24-10.8-24-24zm76.45 211.36l-96.42 95.7c-6.65 6.61-17.39 6.61-24.04 0l-96.42-95.7C73.42 337.29 80.54 320 94.82 320H160v-80c0-8.84 7.16-16 16-16h32c8.84 0 16 7.16 16 16v80h65.18c14.28 0 21.4 17.29 11.27 27.36zM377 105L279.1 7c-4.5-4.5-10.6-7-17-7H256v128h128v-6.1c0-6.3-2.5-12.4-7-16.9z\"><\/path><\/svg>\t\t\t<\/span>\n\t\t\t\t\t\t<span class=\"elementor-button-text\">Download File<\/span>\n\t\t<\/span>\n\t\t\t\t\t<\/a>\n\t\t<\/div>\n\t\t\t\t<\/div>\n\t\t\t\t<\/div>\n\t\t\t\t\t<\/div>\n\t\t<\/div>\n\t\t\t\t\t\t\t<\/div>\n\t\t<\/section>\n\t\t\t\t\t\t\t<\/div>\n\t\t","protected":false},"excerpt":{"rendered":"<p>QUALITY POLICY We, Atilgan Shipping are active within the scope of \u201cShip Repair Brokering and Consultancy, Sales of Shipping Equipments\u201d ; \u00a0 Determining the needs and expectations of the Related Parties (Internal \/ External Context) and the requests on time, based on Customer satisfaction, quick responding to the requests, performing the operations on time and&hellip;<\/p>\n","protected":false},"author":1,"featured_media":0,"parent":0,"menu_order":0,"comment_status":"closed","ping_status":"closed","template":"","meta":{"footnotes":""},"_links":{"self":[{"href":"https:\/\/www.atilganship.com\/index.php?rest_route=\/wp\/v2\/pages\/1813"}],"collection":[{"href":"https:\/\/www.atilganship.com\/index.php?rest_route=\/wp\/v2\/pages"}],"about":[{"href":"https:\/\/www.atilganship.com\/index.php?rest_route=\/wp\/v2\/types\/page"}],"author":[{"embeddable":true,"href":"https:\/\/www.atilganship.com\/index.php?rest_route=\/wp\/v2\/users\/1"}],"replies":[{"embeddable":true,"href":"https:\/\/www.atilganship.com\/index.php?rest_route=%2Fwp%2Fv2%2Fcomments&post=1813"}],"version-history":[{"count":5,"href":"https:\/\/www.atilganship.com\/index.php?rest_route=\/wp\/v2\/pages\/1813\/revisions"}],"predecessor-version":[{"id":1828,"href":"https:\/\/www.atilganship.com\/index.php?rest_route=\/wp\/v2\/pages\/1813\/revisions\/1828"}],"wp:attachment":[{"href":"https:\/\/www.atilganship.com\/index.php?rest_route=%2Fwp%2Fv2%2Fmedia&parent=1813"}],"curies":[{"name":"wp","href":"https:\/\/api.w.org\/{rel}","templated":true}]}}